{"id":581,"date":"2015-02-10T12:47:18","date_gmt":"2015-02-10T10:47:18","guid":{"rendered":"http:\/\/www.ksrb.com.tr\/?page_id=581"},"modified":"2015-07-06T17:56:36","modified_gmt":"2015-07-06T14:56:36","slug":"hasar-yonetimi","status":"publish","type":"page","link":"https:\/\/www.ksrb.com.tr\/tr\/hasar-yonetimi\/","title":{"rendered":"Hasar Y\u00f6netimi"},"content":{"rendered":"<p><\/p>\n<h3><span style=\"color: #333399;\"><img loading=\"lazy\" decoding=\"async\" class=\"alignleft size-full wp-image-639\" src=\"https:\/\/www.ksrb.com.tr\/wp-content\/uploads\/2015\/02\/R5.jpg\" alt=\"R5\" width=\"535\" height=\"290\" srcset=\"https:\/\/www.ksrb.com.tr\/wp-content\/uploads\/2015\/02\/R5.jpg 535w, https:\/\/www.ksrb.com.tr\/wp-content\/uploads\/2015\/02\/R5-300x162.jpg 300w\" sizes=\"auto, (max-width: 535px) 100vw, 535px\" \/>Hasar Y\u00f6netimi<\/span><\/h3>\n<p style=\"text-align: justify;\"><span style=\"color: #808080;\">En k\u0131sa s\u00fcrede hasar \u00f6deme hedefiyle \u00e7al\u0131\u015fan hasar birimimiz, sekt\u00f6rel uzmanl\u0131klar\u0131 ile t\u00fcm gayretini hasar sonras\u0131 olu\u015fan krizin giderilmesi i\u00e7in kullan\u0131r. Hasar oldu\u011fu andan itibaren, m\u00fc\u015fteri, sigorta \u015firketi, eksper, asistans ve di\u011fer hizmet birimleri ile s\u00fcrekli koordinasyon sa\u011flanarak t\u00fcm s\u00fcre\u00e7ler etkin bir \u015fekilde y\u00f6netilir.<\/span><\/p>\n<p style=\"text-align: justify;\">\n<p><\/p>","protected":false},"excerpt":{"rendered":"<p>Hasar Y\u00f6netimi En k\u0131sa s\u00fcrede hasar \u00f6deme hedefiyle \u00e7al\u0131\u015fan hasar birimimiz, sekt\u00f6rel uzmanl\u0131klar\u0131 ile t\u00fcm gayretini hasar sonras\u0131 olu\u015fan krizin giderilmesi i\u00e7in kullan\u0131r. Hasar oldu\u011fu andan itibaren, m\u00fc\u015fteri, sigorta \u015firketi, eksper, asistans ve di\u011fer hizmet birimleri ile s\u00fcrekli koordinasyon sa\u011flanarak t\u00fcm s\u00fcre\u00e7ler etkin bir \u015fekilde y\u00f6netilir.<\/p>\n","protected":false},"author":2,"featured_media":0,"parent":0,"menu_order":0,"comment_status":"open","ping_status":"open","template":"","meta":{"footnotes":""},"class_list":["post-581","page","type-page","status-publish","hentry"],"_links":{"self":[{"href":"https:\/\/www.ksrb.com.tr\/tr\/wp-json\/wp\/v2\/pages\/581","targetHints":{"allow":["GET"]}}],"collection":[{"href":"https:\/\/www.ksrb.com.tr\/tr\/wp-json\/wp\/v2\/pages"}],"about":[{"href":"https:\/\/www.ksrb.com.tr\/tr\/wp-json\/wp\/v2\/types\/page"}],"author":[{"embeddable":true,"href":"https:\/\/www.ksrb.com.tr\/tr\/wp-json\/wp\/v2\/users\/2"}],"replies":[{"embeddable":true,"href":"https:\/\/www.ksrb.com.tr\/tr\/wp-json\/wp\/v2\/comments?post=581"}],"version-history":[{"count":11,"href":"https:\/\/www.ksrb.com.tr\/tr\/wp-json\/wp\/v2\/pages\/581\/revisions"}],"predecessor-version":[{"id":699,"href":"https:\/\/www.ksrb.com.tr\/tr\/wp-json\/wp\/v2\/pages\/581\/revisions\/699"}],"wp:attachment":[{"href":"https:\/\/www.ksrb.com.tr\/tr\/wp-json\/wp\/v2\/media?parent=581"}],"curies":[{"name":"wp","href":"https:\/\/api.w.org\/{rel}","templated":true}]}}