{"id":579,"date":"2015-02-10T12:46:56","date_gmt":"2015-02-10T10:46:56","guid":{"rendered":"http:\/\/www.ksrb.com.tr\/?page_id=579"},"modified":"2015-07-06T17:55:40","modified_gmt":"2015-07-06T14:55:40","slug":"plasman-hizmetleri","status":"publish","type":"page","link":"https:\/\/www.ksrb.com.tr\/tr\/plasman-hizmetleri\/","title":{"rendered":"Plasman Hizmetleri"},"content":{"rendered":"<p><\/p>\n<h3><span style=\"color: #333399;\"><img loading=\"lazy\" decoding=\"async\" class=\"alignleft wp-image-637 size-full\" src=\"https:\/\/www.ksrb.com.tr\/wp-content\/uploads\/2015\/02\/R4.jpg\" alt=\"R4\" width=\"535\" height=\"290\" srcset=\"https:\/\/www.ksrb.com.tr\/wp-content\/uploads\/2015\/02\/R4.jpg 535w, https:\/\/www.ksrb.com.tr\/wp-content\/uploads\/2015\/02\/R4-300x162.jpg 300w\" sizes=\"auto, (max-width: 535px) 100vw, 535px\" \/>Plasman Hizmetleri<\/span><\/h3>\n<p style=\"text-align: justify;\"><span style=\"color: #808080;\">Risk raporunun olu\u015fturulmas\u0131, sat\u0131\u015f \u00f6ncesi ve sonras\u0131 operasyonun y\u00fcr\u00fct\u00fclmesi alanlar\u0131nda donan\u0131ma sahip i\u015f arkada\u015flar\u0131m\u0131z, \u00fcretkenlikleri ve etkin ara\u015ft\u0131rma y\u00f6ntemleri ile gerek yurti\u00e7i gerekse yurtd\u0131\u015f\u0131 d\u00fcnya piyasalar\u0131ndan gerekli \u00fcr\u00fcn ve \u015fartlar\u0131 sa\u011flayan plasman\u0131 olu\u015fturup, dan\u0131\u015fmanl\u0131k hizmeti ile birlikte risklerinize uygun sigorta program\u0131n\u0131 haz\u0131rlay\u0131p sizlere sunar.\u00a0<\/span><\/p>\n<p><\/p>","protected":false},"excerpt":{"rendered":"<p>Plasman Hizmetleri Risk raporunun olu\u015fturulmas\u0131, sat\u0131\u015f \u00f6ncesi ve sonras\u0131 operasyonun y\u00fcr\u00fct\u00fclmesi alanlar\u0131nda donan\u0131ma sahip i\u015f arkada\u015flar\u0131m\u0131z, \u00fcretkenlikleri ve etkin ara\u015ft\u0131rma y\u00f6ntemleri ile gerek yurti\u00e7i gerekse yurtd\u0131\u015f\u0131 d\u00fcnya piyasalar\u0131ndan gerekli \u00fcr\u00fcn ve \u015fartlar\u0131 sa\u011flayan plasman\u0131 olu\u015fturup, dan\u0131\u015fmanl\u0131k hizmeti ile birlikte risklerinize uygun sigorta program\u0131n\u0131 haz\u0131rlay\u0131p sizlere sunar.\u00a0<\/p>\n","protected":false},"author":2,"featured_media":0,"parent":0,"menu_order":0,"comment_status":"open","ping_status":"open","template":"","meta":{"footnotes":""},"class_list":["post-579","page","type-page","status-publish","hentry"],"_links":{"self":[{"href":"https:\/\/www.ksrb.com.tr\/tr\/wp-json\/wp\/v2\/pages\/579","targetHints":{"allow":["GET"]}}],"collection":[{"href":"https:\/\/www.ksrb.com.tr\/tr\/wp-json\/wp\/v2\/pages"}],"about":[{"href":"https:\/\/www.ksrb.com.tr\/tr\/wp-json\/wp\/v2\/types\/page"}],"author":[{"embeddable":true,"href":"https:\/\/www.ksrb.com.tr\/tr\/wp-json\/wp\/v2\/users\/2"}],"replies":[{"embeddable":true,"href":"https:\/\/www.ksrb.com.tr\/tr\/wp-json\/wp\/v2\/comments?post=579"}],"version-history":[{"count":11,"href":"https:\/\/www.ksrb.com.tr\/tr\/wp-json\/wp\/v2\/pages\/579\/revisions"}],"predecessor-version":[{"id":698,"href":"https:\/\/www.ksrb.com.tr\/tr\/wp-json\/wp\/v2\/pages\/579\/revisions\/698"}],"wp:attachment":[{"href":"https:\/\/www.ksrb.com.tr\/tr\/wp-json\/wp\/v2\/media?parent=579"}],"curies":[{"name":"wp","href":"https:\/\/api.w.org\/{rel}","templated":true}]}}