{"id":574,"date":"2015-02-10T12:37:04","date_gmt":"2015-02-10T10:37:04","guid":{"rendered":"http:\/\/www.ksrb.com.tr\/?page_id=574"},"modified":"2015-06-23T13:18:45","modified_gmt":"2015-06-23T10:18:45","slug":"hizmetlerimiz-2","status":"publish","type":"page","link":"https:\/\/www.ksrb.com.tr\/tr\/hizmetlerimiz-2\/","title":{"rendered":"Risk Dan\u0131\u015fmanl\u0131\u011f\u0131"},"content":{"rendered":"<p><\/p>\n<h3 style=\"text-align: justify;\"><span style=\"color: #333399;\"><img loading=\"lazy\" decoding=\"async\" class=\"alignleft size-full wp-image-634\" src=\"https:\/\/www.ksrb.com.tr\/wp-content\/uploads\/2015\/02\/R3.jpg\" alt=\"R3\" width=\"535\" height=\"290\" srcset=\"https:\/\/www.ksrb.com.tr\/wp-content\/uploads\/2015\/02\/R3.jpg 535w, https:\/\/www.ksrb.com.tr\/wp-content\/uploads\/2015\/02\/R3-300x162.jpg 300w\" sizes=\"auto, (max-width: 535px) 100vw, 535px\" \/>Risk\u00a0Dan\u0131\u015fmanl\u0131\u011f\u0131<\/span><\/h3>\n<p style=\"text-align: justify;\">Kurumsal risklerinizi ve sorumluluklar\u0131n\u0131z\u0131 belirler, kriz senaryolar\u0131 \u00fcreterek \u00f6ncelikle olas\u0131 risklere kar\u015f\u0131 \u00f6nleyici ve d\u00fczeltici fakt\u00f6rlere odaklan\u0131r\u0131z.<\/p>\n<p style=\"text-align: justify;\">B\u00f6ylece brokerli\u011fimiz, kurumunuzun mevcut durumunun korunabilece\u011fi, olas\u0131 krizleri etkin bir \u015fekilde y\u00f6netebilece\u011fi sigorta program\u0131n\u0131 sizlere sunar.<\/p>\n<p><\/p>","protected":false},"excerpt":{"rendered":"<p>Risk\u00a0Dan\u0131\u015fmanl\u0131\u011f\u0131 Kurumsal risklerinizi ve sorumluluklar\u0131n\u0131z\u0131 belirler, kriz senaryolar\u0131 \u00fcreterek \u00f6ncelikle olas\u0131 risklere kar\u015f\u0131 \u00f6nleyici ve d\u00fczeltici fakt\u00f6rlere odaklan\u0131r\u0131z. B\u00f6ylece brokerli\u011fimiz, kurumunuzun mevcut durumunun korunabilece\u011fi, olas\u0131 krizleri etkin bir \u015fekilde y\u00f6netebilece\u011fi sigorta program\u0131n\u0131 sizlere sunar.<\/p>\n","protected":false},"author":2,"featured_media":0,"parent":0,"menu_order":0,"comment_status":"open","ping_status":"open","template":"","meta":{"footnotes":""},"class_list":["post-574","page","type-page","status-publish","hentry"],"_links":{"self":[{"href":"https:\/\/www.ksrb.com.tr\/tr\/wp-json\/wp\/v2\/pages\/574","targetHints":{"allow":["GET"]}}],"collection":[{"href":"https:\/\/www.ksrb.com.tr\/tr\/wp-json\/wp\/v2\/pages"}],"about":[{"href":"https:\/\/www.ksrb.com.tr\/tr\/wp-json\/wp\/v2\/types\/page"}],"author":[{"embeddable":true,"href":"https:\/\/www.ksrb.com.tr\/tr\/wp-json\/wp\/v2\/users\/2"}],"replies":[{"embeddable":true,"href":"https:\/\/www.ksrb.com.tr\/tr\/wp-json\/wp\/v2\/comments?post=574"}],"version-history":[{"count":17,"href":"https:\/\/www.ksrb.com.tr\/tr\/wp-json\/wp\/v2\/pages\/574\/revisions"}],"predecessor-version":[{"id":692,"href":"https:\/\/www.ksrb.com.tr\/tr\/wp-json\/wp\/v2\/pages\/574\/revisions\/692"}],"wp:attachment":[{"href":"https:\/\/www.ksrb.com.tr\/tr\/wp-json\/wp\/v2\/media?parent=574"}],"curies":[{"name":"wp","href":"https:\/\/api.w.org\/{rel}","templated":true}]}}