{"id":566,"date":"2015-02-10T01:08:00","date_gmt":"2015-02-09T23:08:00","guid":{"rendered":"http:\/\/www.ksrb.com.tr\/?page_id=566"},"modified":"2015-07-07T09:32:48","modified_gmt":"2015-07-07T06:32:48","slug":"sigorta","status":"publish","type":"page","link":"https:\/\/www.ksrb.com.tr\/tr\/sigorta\/","title":{"rendered":"Hakk\u0131m\u0131zda"},"content":{"rendered":"<p><\/p>\n<h3><span style=\"color: #333399;\"><img loading=\"lazy\" decoding=\"async\" class=\"alignleft size-full wp-image-624\" src=\"https:\/\/www.ksrb.com.tr\/wp-content\/uploads\/2015\/02\/R2.jpg\" alt=\"R2\" width=\"535\" height=\"290\" srcset=\"https:\/\/www.ksrb.com.tr\/wp-content\/uploads\/2015\/02\/R2.jpg 535w, https:\/\/www.ksrb.com.tr\/wp-content\/uploads\/2015\/02\/R2-300x162.jpg 300w\" sizes=\"auto, (max-width: 535px) 100vw, 535px\" \/>Kuvars Sigorta ve Reas\u00fcrans Brokerli\u011fi<\/span><\/h3>\n<p style=\"text-align: justify;\"><span style=\"color: #808080;\">Kuvars Sigorta ve Reas\u00fcrans Brokerli\u011fi, 2013 y\u0131l\u0131nda kurulmu\u015f olup, T.C. Hazine M\u00fcste\u015farl\u0131\u011f\u0131 Sigortac\u0131l\u0131k Genel M\u00fcd\u00fcrl\u00fc\u011f\u00fc\u2019nden ald\u0131\u011f\u0131 Reas\u00fcrans Brokerli\u011fi ruhsat\u0131 ve Hayat D\u0131\u015f\u0131 Sigorta Brokerli\u011fi ruhsatlar\u0131yla ayn\u0131 y\u0131l i\u00e7inde faaliyete ba\u015flam\u0131\u015ft\u0131r.<\/span><\/p>\n<p style=\"text-align: justify;\"><span style=\"color: #808080;\">Brokerli\u011fimiz, \u00f6zellikle enerji, ula\u015f\u0131m gibi altyap\u0131 projelerinin gerek in\u015faat gerekse i\u015fletme d\u00f6nemlerinde ihtiya\u00e7 duyulan sigorta programlar\u0131n\u0131n olu\u015fturulmas\u0131nda ve plasman\u0131nda m\u00fc\u015fterilerine\u00a0 etkin \u00e7\u00f6z\u00fcmler sunmay\u0131 hedeflemektedir.<\/span><\/p>\n<p style=\"text-align: justify;\"><span style=\"color: #808080;\">Kuvars Sigorta ve Reas\u00fcrans Brokerli\u011fi; sigorta ihtiya\u00e7lar\u0131n\u0131n belirlenmesi ile ba\u015flayan, sigorta s\u00f6zle\u015fmesinin gerek teminat gerekse \u015fartlar\u0131 a\u00e7\u0131s\u0131ndan yap\u0131land\u0131r\u0131lmas\u0131yla devam eden\u00a0 ve nihai olarak en az \u00fc\u00e7 sigorta \u015firketi olmak \u00fczere bir\u00e7ok\u00a0 sigorta \u015firketinden toplanan tekliflerden en uygununun se\u00e7ilmesiyle sona eren s\u00fcre\u00e7te sizi temsil eder.<\/span><\/p>\n<p><\/p>","protected":false},"excerpt":{"rendered":"<p>Kuvars Sigorta ve Reas\u00fcrans Brokerli\u011fi Kuvars Sigorta ve Reas\u00fcrans Brokerli\u011fi, 2013 y\u0131l\u0131nda kurulmu\u015f olup, T.C. Hazine M\u00fcste\u015farl\u0131\u011f\u0131 Sigortac\u0131l\u0131k Genel M\u00fcd\u00fcrl\u00fc\u011f\u00fc\u2019nden ald\u0131\u011f\u0131 Reas\u00fcrans Brokerli\u011fi ruhsat\u0131 ve Hayat D\u0131\u015f\u0131 Sigorta Brokerli\u011fi ruhsatlar\u0131yla ayn\u0131 y\u0131l i\u00e7inde faaliyete ba\u015flam\u0131\u015ft\u0131r. Brokerli\u011fimiz, \u00f6zellikle enerji, ula\u015f\u0131m gibi altyap\u0131 projelerinin gerek in\u015faat gerekse i\u015fletme d\u00f6nemlerinde ihtiya\u00e7 duyulan sigorta programlar\u0131n\u0131n olu\u015fturulmas\u0131nda ve plasman\u0131nda m\u00fc\u015fterilerine\u00a0 [&hellip;]<\/p>\n","protected":false},"author":2,"featured_media":0,"parent":0,"menu_order":0,"comment_status":"open","ping_status":"open","template":"","meta":{"footnotes":""},"class_list":["post-566","page","type-page","status-publish","hentry"],"_links":{"self":[{"href":"https:\/\/www.ksrb.com.tr\/tr\/wp-json\/wp\/v2\/pages\/566","targetHints":{"allow":["GET"]}}],"collection":[{"href":"https:\/\/www.ksrb.com.tr\/tr\/wp-json\/wp\/v2\/pages"}],"about":[{"href":"https:\/\/www.ksrb.com.tr\/tr\/wp-json\/wp\/v2\/types\/page"}],"author":[{"embeddable":true,"href":"https:\/\/www.ksrb.com.tr\/tr\/wp-json\/wp\/v2\/users\/2"}],"replies":[{"embeddable":true,"href":"https:\/\/www.ksrb.com.tr\/tr\/wp-json\/wp\/v2\/comments?post=566"}],"version-history":[{"count":16,"href":"https:\/\/www.ksrb.com.tr\/tr\/wp-json\/wp\/v2\/pages\/566\/revisions"}],"predecessor-version":[{"id":702,"href":"https:\/\/www.ksrb.com.tr\/tr\/wp-json\/wp\/v2\/pages\/566\/revisions\/702"}],"wp:attachment":[{"href":"https:\/\/www.ksrb.com.tr\/tr\/wp-json\/wp\/v2\/media?parent=566"}],"curies":[{"name":"wp","href":"https:\/\/api.w.org\/{rel}","templated":true}]}}