{"id":142,"date":"2015-01-27T10:26:02","date_gmt":"2015-01-27T08:26:02","guid":{"rendered":"http:\/\/www.ksrb.com.tr\/?page_id=142"},"modified":"2015-07-24T19:31:14","modified_gmt":"2015-07-24T16:31:14","slug":"reasurans","status":"publish","type":"page","link":"https:\/\/www.ksrb.com.tr\/tr\/reasurans\/","title":{"rendered":"Reas\u00fcrans"},"content":{"rendered":"<p><\/p>\n<h3 style=\"text-align: justify;\"><span style=\"color: #333399;\"><img loading=\"lazy\" decoding=\"async\" class=\"alignleft wp-image-618 size-full\" src=\"https:\/\/www.ksrb.com.tr\/wp-content\/uploads\/2015\/02\/R1.jpg\" alt=\"R1\" width=\"535\" height=\"290\" srcset=\"https:\/\/www.ksrb.com.tr\/wp-content\/uploads\/2015\/02\/R1.jpg 535w, https:\/\/www.ksrb.com.tr\/wp-content\/uploads\/2015\/02\/R1-300x162.jpg 300w\" sizes=\"auto, (max-width: 535px) 100vw, 535px\" \/>Reas\u00fcrans \u00c7\u00f6z\u00fcmleri<\/span><\/h3>\n<p style=\"text-align: justify;\"><span style=\"color: #808080;\">Olas\u0131 risklerinize g\u00f6re sigorta program\u0131n\u0131 olu\u015fturmak ve bu programa uygun \u00fcr\u00fcn ve \u015fartlar\u0131 sa\u011flamak amac\u0131 ile yap\u0131lan \u00e7al\u0131\u015fmalarda, sigorta \u015firketlerinin risk kabul veya mali kapasiteleri gere\u011fi teminat sa\u011flayamad\u0131\u011f\u0131 durumlarda sigorta brokerli\u011fimiz gerekli reas\u00fcrans \u00e7al\u0131\u015fmalar\u0131n\u0131 ger\u00e7ekle\u015ftirir. Belirlenen sigorta program\u0131n\u0131za paralel veya \u00f6zel projelerinize uygun teminat yap\u0131s\u0131 olu\u015fturulurken, riskleriniz d\u00fcnya piyasas\u0131nda reas\u00fcrans yapan reas\u00fcr\u00f6r \u015firketlere devreder. <\/span><\/p>\n<p style=\"text-align: justify;\"><span style=\"color: #808080;\">B\u00f6ylece, ihtiyaca uygun teminat yap\u0131s\u0131n\u0131n olu\u015fturulmas\u0131 ile birlikte, olas\u0131 hasarda krizi etkin \u00a0\u015fekilde y\u00f6netmek \u00fczere \u00f6zellikle b\u00fcy\u00fck risklerin etkileri b\u00f6l\u00fcnm\u00fc\u015f ve uluslararas\u0131 mali piyasalara da\u011f\u0131larak kar\u015f\u0131lanabilir hale gelmi\u015f olur.<\/span><\/p>\n<p><\/p>","protected":false},"excerpt":{"rendered":"<p>Reas\u00fcrans \u00c7\u00f6z\u00fcmleri Olas\u0131 risklerinize g\u00f6re sigorta program\u0131n\u0131 olu\u015fturmak ve bu programa uygun \u00fcr\u00fcn ve \u015fartlar\u0131 sa\u011flamak amac\u0131 ile yap\u0131lan \u00e7al\u0131\u015fmalarda, sigorta \u015firketlerinin risk kabul veya mali kapasiteleri gere\u011fi teminat sa\u011flayamad\u0131\u011f\u0131 durumlarda sigorta brokerli\u011fimiz gerekli reas\u00fcrans \u00e7al\u0131\u015fmalar\u0131n\u0131 ger\u00e7ekle\u015ftirir. Belirlenen sigorta program\u0131n\u0131za paralel veya \u00f6zel projelerinize uygun teminat yap\u0131s\u0131 olu\u015fturulurken, riskleriniz d\u00fcnya piyasas\u0131nda reas\u00fcrans yapan reas\u00fcr\u00f6r \u015firketlere [&hellip;]<\/p>\n","protected":false},"author":1,"featured_media":0,"parent":0,"menu_order":0,"comment_status":"open","ping_status":"open","template":"","meta":{"footnotes":""},"class_list":["post-142","page","type-page","status-publish","hentry"],"_links":{"self":[{"href":"https:\/\/www.ksrb.com.tr\/tr\/wp-json\/wp\/v2\/pages\/142","targetHints":{"allow":["GET"]}}],"collection":[{"href":"https:\/\/www.ksrb.com.tr\/tr\/wp-json\/wp\/v2\/pages"}],"about":[{"href":"https:\/\/www.ksrb.com.tr\/tr\/wp-json\/wp\/v2\/types\/page"}],"author":[{"embeddable":true,"href":"https:\/\/www.ksrb.com.tr\/tr\/wp-json\/wp\/v2\/users\/1"}],"replies":[{"embeddable":true,"href":"https:\/\/www.ksrb.com.tr\/tr\/wp-json\/wp\/v2\/comments?post=142"}],"version-history":[{"count":24,"href":"https:\/\/www.ksrb.com.tr\/tr\/wp-json\/wp\/v2\/pages\/142\/revisions"}],"predecessor-version":[{"id":706,"href":"https:\/\/www.ksrb.com.tr\/tr\/wp-json\/wp\/v2\/pages\/142\/revisions\/706"}],"wp:attachment":[{"href":"https:\/\/www.ksrb.com.tr\/tr\/wp-json\/wp\/v2\/media?parent=142"}],"curies":[{"name":"wp","href":"https:\/\/api.w.org\/{rel}","templated":true}]}}